{"id":203,"date":"2024-10-24T15:06:18","date_gmt":"2024-10-24T15:06:18","guid":{"rendered":"https:\/\/pazeltechnologie.ma\/?page_id=203"},"modified":"2024-11-19T14:10:28","modified_gmt":"2024-11-19T14:10:28","slug":"our-services","status":"publish","type":"page","link":"https:\/\/www.niemaautos.com\/es\/home\/our-services\/","title":{"rendered":"Nuestros servicios"},"content":{"rendered":"<div data-elementor-type=\"wp-page\" data-elementor-id=\"203\" class=\"elementor elementor-203\">\n\t\t\t\t\t\t<section class=\"elementor-section elementor-top-section elementor-element elementor-element-6054b1a4 elementor-section-boxed elementor-section-height-default elementor-section-height-default\" data-id=\"6054b1a4\" data-element_type=\"section\" data-e-type=\"section\" data-settings=\"{&quot;background_background&quot;:&quot;gradient&quot;}\">\n\t\t\t\t\t\t<div class=\"elementor-container elementor-column-gap-default\">\n\t\t\t\t\t<div class=\"elementor-column elementor-col-100 elementor-top-column elementor-element elementor-element-4634c80e\" data-id=\"4634c80e\" data-element_type=\"column\" data-e-type=\"column\">\n\t\t\t<div class=\"elementor-widget-wrap elementor-element-populated\">\n\t\t\t\t\t\t<div class=\"elementor-element elementor-element-4e6106a elementor-widget elementor-widget-heading\" data-id=\"4e6106a\" data-element_type=\"widget\" data-e-type=\"widget\" data-widget_type=\"heading.default\">\n\t\t\t\t<div class=\"elementor-widget-container\">\n\t\t\t\t\t<h1 class=\"elementor-heading-title elementor-size-default\">Taxi privado M\u00e1laga<\/h1>\t\t\t\t<\/div>\n\t\t\t\t<\/div>\n\t\t\t\t\t<\/div>\n\t\t<\/div>\n\t\t\t\t\t<\/div>\n\t\t<\/section>\n\t\t\t\t<section class=\"elementor-section elementor-top-section elementor-element elementor-element-99eacbe elementor-section-full_width bdt-particles-yes elementor-section-height-default elementor-section-height-default\" data-id=\"99eacbe\" data-element_type=\"section\" data-e-type=\"section\" data-settings=\"{&quot;background_background&quot;:&quot;classic&quot;,&quot;section_particles_on&quot;:&quot;yes&quot;}\">\n\t\t\t\t\t\t\t<div class=\"elementor-background-overlay\"><\/div>\n\t\t\t\t\t\t\t<div class=\"elementor-container elementor-column-gap-default\">\n\t\t\t\t\t<div class=\"elementor-column elementor-col-100 elementor-top-column elementor-element elementor-element-44a58fc\" data-id=\"44a58fc\" data-element_type=\"column\" data-e-type=\"column\">\n\t\t\t<div class=\"elementor-widget-wrap elementor-element-populated\">\n\t\t\t\t\t\t<section class=\"elementor-section elementor-inner-section elementor-element elementor-element-4765233 elementor-section-boxed elementor-section-height-default elementor-section-height-default\" data-id=\"4765233\" data-element_type=\"section\" data-e-type=\"section\">\n\t\t\t\t\t\t<div class=\"elementor-container elementor-column-gap-default\">\n\t\t\t\t\t<div class=\"elementor-column elementor-col-100 elementor-inner-column elementor-element elementor-element-30791a6\" data-id=\"30791a6\" data-element_type=\"column\" data-e-type=\"column\">\n\t\t\t<div class=\"elementor-widget-wrap elementor-element-populated\">\n\t\t\t\t\t\t<div class=\"elementor-element elementor-element-fecc6b1 elementor-widget elementor-widget-heading\" data-id=\"fecc6b1\" data-element_type=\"widget\" data-e-type=\"widget\" data-widget_type=\"heading.default\">\n\t\t\t\t<div class=\"elementor-widget-container\">\n\t\t\t\t\t<h2 class=\"elementor-heading-title elementor-size-default\">Su servicio de transporte de primera en M\u00e1laga<\/h2>\t\t\t\t<\/div>\n\t\t\t\t<\/div>\n\t\t\t\t\t<\/div>\n\t\t<\/div>\n\t\t\t\t\t<\/div>\n\t\t<\/section>\n\t\t\t\t<section class=\"elementor-section elementor-inner-section elementor-element elementor-element-1e81c1a elementor-section-boxed elementor-section-height-default elementor-section-height-default\" data-id=\"1e81c1a\" data-element_type=\"section\" data-e-type=\"section\">\n\t\t\t\t\t\t<div class=\"elementor-container elementor-column-gap-default\">\n\t\t\t\t\t<div class=\"elementor-column elementor-col-25 elementor-inner-column elementor-element elementor-element-da0cb87\" data-id=\"da0cb87\" data-element_type=\"column\" data-e-type=\"column\">\n\t\t\t<div class=\"elementor-widget-wrap elementor-element-populated\">\n\t\t\t\t\t\t<div class=\"elementor-element elementor-element-a6c750c animated-fast bdt-global-link-yes bdt-icon-type-image elementor-position-top bdt-icon-effect-none elementor-invisible elementor-widget elementor-widget-bdt-advanced-icon-box\" data-id=\"a6c750c\" data-element_type=\"widget\" data-e-type=\"widget\" data-settings=\"{&quot;_animation&quot;:&quot;fadeInUp&quot;}\" data-widget_type=\"bdt-advanced-icon-box.default\">\n\t\t\t\t<div class=\"elementor-widget-container\">\n\t\t\t\t\t\t\t<div class=\"bdt-ep-advanced-icon-box\">\n\n\t\t\t\t\t\t\t\n\t\t\t\t\t<div class=\"bdt-ep-advanced-icon-box-icon\">\n\t\t\t\t<span class=\"bdt-ep-advanced-icon-box-icon-wrap\">\n\n\n\t\t\t\t\t\t\t\t\t\t\t<img decoding=\"async\" src=\"https:\/\/www.niemaautos.com\/wp-content\/uploads\/2024\/11\/Transfert-Aeroport-malaga-spain-Niema-Autos-min.png\" alt=\"Airport Transfers\" width=\"220\">\n\t\t\t\t\t\t\t\t\t<\/span>\n\t\t\t<\/div>\n\t\t\n\t\t\t\t\n\t\t\t<div class=\"bdt-ep-advanced-icon-box-content\">\n\n\t\t\t\t\t\t\t\t\t\n\t\t\t\t\t<h4 class=\"bdt-ep-advanced-icon-box-title\">\n\t\t\t\t<span >\n\t\t\t\t\tTraslados al aeropuerto\t\t\t\t<\/span>\n\t\t\t<\/h4>\n\t\t\n\n\t\t\n\t\t\t\t\t\n\t\t\t\t\n\t\t\t\t\t\t\t\t\t<div class=\"bdt-ep-advanced-icon-box-description\">\n\t\t\t\t\t\t<p>Viaje sin complicaciones con nuestro <strong>Servicios de traslado al Aeropuerto de M\u00e1laga.<\/strong> Ya sea que est\u00e9 llegando o saliendo, garantizamos viajes puntuales, c\u00f3modos y sin estr\u00e9s hacia o desde el Aeropuerto de M\u00e1laga. Perfecto para viajeros de negocios o de ocio que buscan un servicio confiable <strong>Servicio puerta a puerta<\/strong>.<\/p>\t\t\t\t\t<\/div>\n\t\t\t\t\n\t\t\t\t\t\t\t<\/div>\n\t\t<\/div>\n\n\t\t\n\t\t\n\t\t\t\t<\/div>\n\t\t\t\t<\/div>\n\t\t\t\t\t<\/div>\n\t\t<\/div>\n\t\t\t\t<div class=\"elementor-column elementor-col-25 elementor-inner-column elementor-element elementor-element-44002a7\" data-id=\"44002a7\" data-element_type=\"column\" data-e-type=\"column\">\n\t\t\t<div class=\"elementor-widget-wrap elementor-element-populated\">\n\t\t\t\t\t\t<div class=\"elementor-element elementor-element-a018c88 animated-fast bdt-global-link-yes bdt-icon-type-image elementor-position-top bdt-icon-effect-none elementor-invisible elementor-widget elementor-widget-bdt-advanced-icon-box\" data-id=\"a018c88\" data-element_type=\"widget\" data-e-type=\"widget\" data-settings=\"{&quot;_animation&quot;:&quot;fadeInUp&quot;}\" data-widget_type=\"bdt-advanced-icon-box.default\">\n\t\t\t\t<div class=\"elementor-widget-container\">\n\t\t\t\t\t\t\t<div class=\"bdt-ep-advanced-icon-box\">\n\n\t\t\t\t\t\t\t\n\t\t\t\t\t<div class=\"bdt-ep-advanced-icon-box-icon\">\n\t\t\t\t<span class=\"bdt-ep-advanced-icon-box-icon-wrap\">\n\n\n\t\t\t\t\t\t\t\t\t\t\t<img decoding=\"async\" src=\"https:\/\/www.niemaautos.com\/wp-content\/uploads\/2024\/11\/Private-taxi-malaga-spain-Niema-Autos-min.png\" alt=\"Intercity Rides\" width=\"220\">\n\t\t\t\t\t\t\t\t\t<\/span>\n\t\t\t<\/div>\n\t\t\n\t\t\t\t\n\t\t\t<div class=\"bdt-ep-advanced-icon-box-content\">\n\n\t\t\t\t\t\t\t\t\t\n\t\t\t\t\t<h4 class=\"bdt-ep-advanced-icon-box-title\">\n\t\t\t\t<span >\n\t\t\t\t\tViajes interurbanos\t\t\t\t<\/span>\n\t\t\t<\/h4>\n\t\t\n\n\t\t\n\t\t\t\t\t\n\t\t\t\t\n\t\t\t\t\t\t\t\t\t<div class=\"bdt-ep-advanced-icon-box-description\">\n\t\t\t\t\t\t<p>Explore Espa\u00f1a con estilo y confort con nuestro <strong>Servicios de traslado interurbano.<\/strong>Desde M\u00e1laga hasta ciudades cercanas como Marbella, Sevilla o Granada, ofrecemos viajes fluidos y seguros para individuos, familias o grupos. Disfrute de las rutas mientras nosotros nos encargamos de la conducci\u00f3n.<\/p>\t\t\t\t\t<\/div>\n\t\t\t\t\n\t\t\t\t\t\t\t<\/div>\n\t\t<\/div>\n\n\t\t\n\t\t\n\t\t\t\t<\/div>\n\t\t\t\t<\/div>\n\t\t\t\t\t<\/div>\n\t\t<\/div>\n\t\t\t\t<div class=\"elementor-column elementor-col-25 elementor-inner-column elementor-element elementor-element-ef45c21\" data-id=\"ef45c21\" data-element_type=\"column\" data-e-type=\"column\">\n\t\t\t<div class=\"elementor-widget-wrap elementor-element-populated\">\n\t\t\t\t\t\t<div class=\"elementor-element elementor-element-e73f055 animated-fast bdt-global-link-yes bdt-icon-type-image elementor-position-top bdt-icon-effect-none elementor-invisible elementor-widget elementor-widget-bdt-advanced-icon-box\" data-id=\"e73f055\" data-element_type=\"widget\" data-e-type=\"widget\" data-settings=\"{&quot;_animation&quot;:&quot;fadeInUp&quot;}\" data-widget_type=\"bdt-advanced-icon-box.default\">\n\t\t\t\t<div class=\"elementor-widget-container\">\n\t\t\t\t\t\t\t<div class=\"bdt-ep-advanced-icon-box\">\n\n\t\t\t\t\t\t\t\n\t\t\t\t\t<div class=\"bdt-ep-advanced-icon-box-icon\">\n\t\t\t\t<span class=\"bdt-ep-advanced-icon-box-icon-wrap\">\n\n\n\t\t\t\t\t\t\t\t\t\t\t<img decoding=\"async\" src=\"https:\/\/www.niemaautos.com\/wp-content\/uploads\/2024\/11\/event-transportation-malaga-spain-Niema-Autos-min.png\" alt=\"Event Transportation\" width=\"220\">\n\t\t\t\t\t\t\t\t\t<\/span>\n\t\t\t<\/div>\n\t\t\n\t\t\t\t\n\t\t\t<div class=\"bdt-ep-advanced-icon-box-content\">\n\n\t\t\t\t\t\t\t\t\t\n\t\t\t\t\t<h4 class=\"bdt-ep-advanced-icon-box-title\">\n\t\t\t\t<span >\n\t\t\t\t\tTransporte para eventos\t\t\t\t<\/span>\n\t\t\t<\/h4>\n\t\t\n\n\t\t\n\t\t\t\t\t\n\t\t\t\t\n\t\t\t\t\t\t\t\t\t<div class=\"bdt-ep-advanced-icon-box-description\">\n\t\t\t\t\t\t<p>Ya sea para un boda, un evento corporativo o una celebraci\u00f3n especial, nuestros servicios personalizados <strong>Servicios de transporte para eventos<\/strong> Garantizamos una llegada elegante y puntual. D\u00e9jenos gestionar la log\u00edstica mientras usted se concentra en crear recuerdos.<\/p>\t\t\t\t\t<\/div>\n\t\t\t\t\n\t\t\t\t\t\t\t<\/div>\n\t\t<\/div>\n\n\t\t\n\t\t\n\t\t\t\t<\/div>\n\t\t\t\t<\/div>\n\t\t\t\t\t<\/div>\n\t\t<\/div>\n\t\t\t\t<div class=\"elementor-column elementor-col-25 elementor-inner-column elementor-element elementor-element-ee2149c\" data-id=\"ee2149c\" data-element_type=\"column\" data-e-type=\"column\">\n\t\t\t<div class=\"elementor-widget-wrap elementor-element-populated\">\n\t\t\t\t\t\t<div class=\"elementor-element elementor-element-f62a49f animated-fast bdt-global-link-yes bdt-icon-type-image elementor-position-top bdt-icon-effect-none elementor-invisible elementor-widget elementor-widget-bdt-advanced-icon-box\" data-id=\"f62a49f\" data-element_type=\"widget\" data-e-type=\"widget\" data-settings=\"{&quot;_animation&quot;:&quot;fadeInUp&quot;}\" data-widget_type=\"bdt-advanced-icon-box.default\">\n\t\t\t\t<div class=\"elementor-widget-container\">\n\t\t\t\t\t\t\t<div class=\"bdt-ep-advanced-icon-box\">\n\n\t\t\t\t\t\t\t\n\t\t\t\t\t<div class=\"bdt-ep-advanced-icon-box-icon\">\n\t\t\t\t<span class=\"bdt-ep-advanced-icon-box-icon-wrap\">\n\n\n\t\t\t\t\t\t\t\t\t\t\t<img decoding=\"async\" src=\"https:\/\/www.niemaautos.com\/wp-content\/uploads\/2024\/11\/corporate-hire-malaga-spain-Niema-Autos-min.png\" alt=\"CORPORATE HIRE\" width=\"220\">\n\t\t\t\t\t\t\t\t\t<\/span>\n\t\t\t<\/div>\n\t\t\n\t\t\t\t\n\t\t\t<div class=\"bdt-ep-advanced-icon-box-content\">\n\n\t\t\t\t\t\t\t\t\t\n\t\t\t\t\t<h4 class=\"bdt-ep-advanced-icon-box-title\">\n\t\t\t\t<span >\n\t\t\t\t\tAlquiler Corporativo\t\t\t\t<\/span>\n\t\t\t<\/h4>\n\t\t\n\n\t\t\n\t\t\t\t\t\n\t\t\t\t\n\t\t\t\t\t\t\t\t\t<div class=\"bdt-ep-advanced-icon-box-description\">\n\t\t\t\t\t\t<p>Nuestro <strong>Servicio de alquiler corporativo<\/strong> est\u00e1 dise\u00f1ado para empresas y profesionales que buscan <strong>transporte personalizado y confiable.<\/strong>Ofrecemos una experiencia de viaje fluida con ch\u00f3feres profesionales y veh\u00edculos de alta calidad, ya sea para reuniones, conferencias o recogidas de clientes.\u00a0<\/p>\t\t\t\t\t<\/div>\n\t\t\t\t\n\t\t\t\t\t\t\t<\/div>\n\t\t<\/div>\n\n\t\t\n\t\t\n\t\t\t\t<\/div>\n\t\t\t\t<\/div>\n\t\t\t\t\t<\/div>\n\t\t<\/div>\n\t\t\t\t\t<\/div>\n\t\t<\/section>\n\t\t\t\t<div class=\"elementor-element elementor-element-749c0cd animated-fast elementor-tablet-align-center elementor-align-center elementor-invisible elementor-widget elementor-widget-button\" data-id=\"749c0cd\" data-element_type=\"widget\" data-e-type=\"widget\" data-settings=\"{&quot;_animation_delay&quot;:300,&quot;_animation&quot;:&quot;zoomIn&quot;}\" data-widget_type=\"button.default\">\n\t\t\t\t<div class=\"elementor-widget-container\">\n\t\t\t\t\t\t\t\t\t<div class=\"elementor-button-wrapper\">\n\t\t\t\t\t<a class=\"elementor-button elementor-button-link elementor-size-sm\" href=\"https:\/\/www.niemaautos.com\/es\/home\/book-now\/\">\n\t\t\t\t\t\t<span class=\"elementor-button-content-wrapper\">\n\t\t\t\t\t\t<span class=\"elementor-button-icon\">\n\t\t\t\t<svg aria-hidden=\"true\" class=\"e-font-icon-svg e-fas-angle-double-right\" viewbox=\"0 0 448 512\" xmlns=\"http:\/\/www.w3.org\/2000\/svg\"><path d=\"M224.3 273l-136 136c-9.4 9.4-24.6 9.4-33.9 0l-22.6-22.6c-9.4-9.4-9.4-24.6 0-33.9l96.4-96.4-96.4-96.4c-9.4-9.4-9.4-24.6 0-33.9L54.3 103c9.4-9.4 24.6-9.4 33.9 0l136 136c9.5 9.4 9.5 24.6.1 34zm192-34l-136-136c-9.4-9.4-24.6-9.4-33.9 0l-22.6 22.6c-9.4 9.4-9.4 24.6 0 33.9l96.4 96.4-96.4 96.4c-9.4 9.4-9.4 24.6 0 33.9l22.6 22.6c9.4 9.4 24.6 9.4 33.9 0l136-136c9.4-9.2 9.4-24.4 0-33.8z\"><\/path><\/svg>\t\t\t<\/span>\n\t\t\t\t\t\t\t\t\t<span class=\"elementor-button-text\">Reservar ahora<\/span>\n\t\t\t\t\t<\/span>\n\t\t\t\t\t<\/a>\n\t\t\t\t<\/div>\n\t\t\t\t\t\t\t\t<\/div>\n\t\t\t\t<\/div>\n\t\t\t\t\t<\/div>\n\t\t<\/div>\n\t\t\t\t\t<\/div>\n\t\t<\/section>\n\t\t\t\t<\/div>","protected":false},"excerpt":{"rendered":"<p>Private taxi Malaga Your Premier Transportation Service in Malaga Airport Transfers Travel hassle-free with our Malaga Airport Transfer services. Whether you\u2019re arriving [&hellip;]<\/p>\n","protected":false},"author":1,"featured_media":0,"parent":44,"menu_order":0,"comment_status":"closed","ping_status":"closed","template":"","meta":{"footnotes":""},"class_list":["post-203","page","type-page","status-publish","hentry"],"yoast_head":"<!-- This site is optimized with the Yoast SEO plugin v27.5 - https:\/\/yoast.com\/product\/yoast-seo-wordpress\/ -->\n<title>Top-Rated Taxi Service in Malaga \u2013 Airport &amp; Corporate Transfers<\/title>\n<meta name=\"description\" content=\"NIEMA AUTOS: Your trusted transportation partner for Malaga airport transfers, private taxis, intercity rides, and personalized corporate hire services.\" \/>\n<meta name=\"robots\" content=\"index, follow, max-snippet:-1, max-image-preview:large, max-video-preview:-1\" \/>\n<link rel=\"canonical\" href=\"https:\/\/www.niemaautos.com\/es\/home\/our-services\/\" \/>\n<meta property=\"og:locale\" content=\"es_ES\" \/>\n<meta property=\"og:type\" content=\"article\" \/>\n<meta property=\"og:title\" content=\"Top-Rated Taxi Service in Malaga \u2013 Airport &amp; Corporate Transfers\" \/>\n<meta property=\"og:description\" content=\"NIEMA AUTOS: Your trusted transportation partner for Malaga airport transfers, private taxis, intercity rides, and personalized corporate hire services.\" \/>\n<meta property=\"og:url\" content=\"https:\/\/www.niemaautos.com\/es\/home\/our-services\/\" \/>\n<meta property=\"og:site_name\" content=\"NIEMA AUTOS\" \/>\n<meta property=\"article:modified_time\" content=\"2024-11-19T14:10:28+00:00\" \/>\n<meta property=\"og:image\" content=\"https:\/\/www.niemaautos.com\/wp-content\/uploads\/2024\/11\/Transfert-Aeroport-malaga-spain-Niema-Autos-min.png\" \/>\n<meta name=\"twitter:card\" content=\"summary_large_image\" \/>\n<meta name=\"twitter:label1\" content=\"Tiempo de lectura\" \/>\n\t<meta name=\"twitter:data1\" content=\"2 minutos\" \/>\n<script type=\"application\/ld+json\" class=\"yoast-schema-graph\">{\"@context\":\"https:\\\/\\\/schema.org\",\"@graph\":[{\"@type\":\"WebPage\",\"@id\":\"https:\\\/\\\/www.niemaautos.com\\\/home\\\/our-services\\\/\",\"url\":\"https:\\\/\\\/www.niemaautos.com\\\/home\\\/our-services\\\/\",\"name\":\"Top-Rated Taxi Service in Malaga \u2013 Airport & Corporate Transfers\",\"isPartOf\":{\"@id\":\"https:\\\/\\\/www.niemaautos.com\\\/#website\"},\"primaryImageOfPage\":{\"@id\":\"https:\\\/\\\/www.niemaautos.com\\\/home\\\/our-services\\\/#primaryimage\"},\"image\":{\"@id\":\"https:\\\/\\\/www.niemaautos.com\\\/home\\\/our-services\\\/#primaryimage\"},\"thumbnailUrl\":\"https:\\\/\\\/www.niemaautos.com\\\/wp-content\\\/uploads\\\/2024\\\/11\\\/Transfert-Aeroport-malaga-spain-Niema-Autos-min.png\",\"datePublished\":\"2024-10-24T15:06:18+00:00\",\"dateModified\":\"2024-11-19T14:10:28+00:00\",\"description\":\"NIEMA AUTOS: Your trusted transportation partner for Malaga airport transfers, private taxis, intercity rides, and personalized corporate hire services.\",\"breadcrumb\":{\"@id\":\"https:\\\/\\\/www.niemaautos.com\\\/home\\\/our-services\\\/#breadcrumb\"},\"inLanguage\":\"es\",\"potentialAction\":[{\"@type\":\"ReadAction\",\"target\":[\"https:\\\/\\\/www.niemaautos.com\\\/home\\\/our-services\\\/\"]}]},{\"@type\":\"ImageObject\",\"inLanguage\":\"es\",\"@id\":\"https:\\\/\\\/www.niemaautos.com\\\/home\\\/our-services\\\/#primaryimage\",\"url\":\"https:\\\/\\\/www.niemaautos.com\\\/wp-content\\\/uploads\\\/2024\\\/11\\\/Transfert-Aeroport-malaga-spain-Niema-Autos-min.png\",\"contentUrl\":\"https:\\\/\\\/www.niemaautos.com\\\/wp-content\\\/uploads\\\/2024\\\/11\\\/Transfert-Aeroport-malaga-spain-Niema-Autos-min.png\"},{\"@type\":\"BreadcrumbList\",\"@id\":\"https:\\\/\\\/www.niemaautos.com\\\/home\\\/our-services\\\/#breadcrumb\",\"itemListElement\":[{\"@type\":\"ListItem\",\"position\":1,\"name\":\"Home\",\"item\":\"https:\\\/\\\/www.niemaautos.com\\\/\"},{\"@type\":\"ListItem\",\"position\":2,\"name\":\"Home\",\"item\":\"https:\\\/\\\/www.niemaautos.com\\\/\"},{\"@type\":\"ListItem\",\"position\":3,\"name\":\"Our services\"}]},{\"@type\":\"WebSite\",\"@id\":\"https:\\\/\\\/www.niemaautos.com\\\/#website\",\"url\":\"https:\\\/\\\/www.niemaautos.com\\\/\",\"name\":\"PAZEL TECHNOLOGIE\",\"description\":\"Your Premier Transportation Service in Malaga\",\"publisher\":{\"@id\":\"https:\\\/\\\/www.niemaautos.com\\\/#organization\"},\"potentialAction\":[{\"@type\":\"SearchAction\",\"target\":{\"@type\":\"EntryPoint\",\"urlTemplate\":\"https:\\\/\\\/www.niemaautos.com\\\/?s={search_term_string}\"},\"query-input\":{\"@type\":\"PropertyValueSpecification\",\"valueRequired\":true,\"valueName\":\"search_term_string\"}}],\"inLanguage\":\"es\"},{\"@type\":\"Organization\",\"@id\":\"https:\\\/\\\/www.niemaautos.com\\\/#organization\",\"name\":\"PAZEL TECHNOLOGIE\",\"url\":\"https:\\\/\\\/www.niemaautos.com\\\/\",\"logo\":{\"@type\":\"ImageObject\",\"inLanguage\":\"es\",\"@id\":\"https:\\\/\\\/www.niemaautos.com\\\/#\\\/schema\\\/logo\\\/image\\\/\",\"url\":\"https:\\\/\\\/www.niemaautos.com\\\/wp-content\\\/uploads\\\/2024\\\/01\\\/Design_sans_titre__80_-removebg-1.png\",\"contentUrl\":\"https:\\\/\\\/www.niemaautos.com\\\/wp-content\\\/uploads\\\/2024\\\/01\\\/Design_sans_titre__80_-removebg-1.png\",\"width\":576,\"height\":522,\"caption\":\"PAZEL TECHNOLOGIE\"},\"image\":{\"@id\":\"https:\\\/\\\/www.niemaautos.com\\\/#\\\/schema\\\/logo\\\/image\\\/\"}}]}<\/script>\n<!-- \/ Yoast SEO plugin. -->","yoast_head_json":{"title":"Top-Rated Taxi Service in Malaga \u2013 Airport & Corporate Transfers","description":"NIEMA AUTOS: Your trusted transportation partner for Malaga airport transfers, private taxis, intercity rides, and personalized corporate hire services.","robots":{"index":"index","follow":"follow","max-snippet":"max-snippet:-1","max-image-preview":"max-image-preview:large","max-video-preview":"max-video-preview:-1"},"canonical":"https:\/\/www.niemaautos.com\/es\/home\/our-services\/","og_locale":"es_ES","og_type":"article","og_title":"Top-Rated Taxi Service in Malaga \u2013 Airport & Corporate Transfers","og_description":"NIEMA AUTOS: Your trusted transportation partner for Malaga airport transfers, private taxis, intercity rides, and personalized corporate hire services.","og_url":"https:\/\/www.niemaautos.com\/es\/home\/our-services\/","og_site_name":"NIEMA AUTOS","article_modified_time":"2024-11-19T14:10:28+00:00","og_image":[{"url":"https:\/\/www.niemaautos.com\/wp-content\/uploads\/2024\/11\/Transfert-Aeroport-malaga-spain-Niema-Autos-min.png","type":"","width":"","height":""}],"twitter_card":"summary_large_image","twitter_misc":{"Tiempo de lectura":"2 minutos"},"schema":{"@context":"https:\/\/schema.org","@graph":[{"@type":"WebPage","@id":"https:\/\/www.niemaautos.com\/home\/our-services\/","url":"https:\/\/www.niemaautos.com\/home\/our-services\/","name":"Top-Rated Taxi Service in Malaga \u2013 Airport & Corporate Transfers","isPartOf":{"@id":"https:\/\/www.niemaautos.com\/#website"},"primaryImageOfPage":{"@id":"https:\/\/www.niemaautos.com\/home\/our-services\/#primaryimage"},"image":{"@id":"https:\/\/www.niemaautos.com\/home\/our-services\/#primaryimage"},"thumbnailUrl":"https:\/\/www.niemaautos.com\/wp-content\/uploads\/2024\/11\/Transfert-Aeroport-malaga-spain-Niema-Autos-min.png","datePublished":"2024-10-24T15:06:18+00:00","dateModified":"2024-11-19T14:10:28+00:00","description":"NIEMA AUTOS: Your trusted transportation partner for Malaga airport transfers, private taxis, intercity rides, and personalized corporate hire services.","breadcrumb":{"@id":"https:\/\/www.niemaautos.com\/home\/our-services\/#breadcrumb"},"inLanguage":"es","potentialAction":[{"@type":"ReadAction","target":["https:\/\/www.niemaautos.com\/home\/our-services\/"]}]},{"@type":"ImageObject","inLanguage":"es","@id":"https:\/\/www.niemaautos.com\/home\/our-services\/#primaryimage","url":"https:\/\/www.niemaautos.com\/wp-content\/uploads\/2024\/11\/Transfert-Aeroport-malaga-spain-Niema-Autos-min.png","contentUrl":"https:\/\/www.niemaautos.com\/wp-content\/uploads\/2024\/11\/Transfert-Aeroport-malaga-spain-Niema-Autos-min.png"},{"@type":"BreadcrumbList","@id":"https:\/\/www.niemaautos.com\/home\/our-services\/#breadcrumb","itemListElement":[{"@type":"ListItem","position":1,"name":"Home","item":"https:\/\/www.niemaautos.com\/"},{"@type":"ListItem","position":2,"name":"Home","item":"https:\/\/www.niemaautos.com\/"},{"@type":"ListItem","position":3,"name":"Our services"}]},{"@type":"WebSite","@id":"https:\/\/www.niemaautos.com\/#website","url":"https:\/\/www.niemaautos.com\/","name":"PAZEL TECHNOLOGIE","description":"Su servicio de transporte de primera en M\u00e1laga","publisher":{"@id":"https:\/\/www.niemaautos.com\/#organization"},"potentialAction":[{"@type":"SearchAction","target":{"@type":"EntryPoint","urlTemplate":"https:\/\/www.niemaautos.com\/?s={search_term_string}"},"query-input":{"@type":"PropertyValueSpecification","valueRequired":true,"valueName":"search_term_string"}}],"inLanguage":"es"},{"@type":"Organization","@id":"https:\/\/www.niemaautos.com\/#organization","name":"PAZEL TECHNOLOGIE","url":"https:\/\/www.niemaautos.com\/","logo":{"@type":"ImageObject","inLanguage":"es","@id":"https:\/\/www.niemaautos.com\/#\/schema\/logo\/image\/","url":"https:\/\/www.niemaautos.com\/wp-content\/uploads\/2024\/01\/Design_sans_titre__80_-removebg-1.png","contentUrl":"https:\/\/www.niemaautos.com\/wp-content\/uploads\/2024\/01\/Design_sans_titre__80_-removebg-1.png","width":576,"height":522,"caption":"PAZEL TECHNOLOGIE"},"image":{"@id":"https:\/\/www.niemaautos.com\/#\/schema\/logo\/image\/"}}]}},"_links":{"self":[{"href":"https:\/\/www.niemaautos.com\/es\/wp-json\/wp\/v2\/pages\/203","targetHints":{"allow":["GET"]}}],"collection":[{"href":"https:\/\/www.niemaautos.com\/es\/wp-json\/wp\/v2\/pages"}],"about":[{"href":"https:\/\/www.niemaautos.com\/es\/wp-json\/wp\/v2\/types\/page"}],"author":[{"embeddable":true,"href":"https:\/\/www.niemaautos.com\/es\/wp-json\/wp\/v2\/users\/1"}],"replies":[{"embeddable":true,"href":"https:\/\/www.niemaautos.com\/es\/wp-json\/wp\/v2\/comments?post=203"}],"version-history":[{"count":45,"href":"https:\/\/www.niemaautos.com\/es\/wp-json\/wp\/v2\/pages\/203\/revisions"}],"predecessor-version":[{"id":2035,"href":"https:\/\/www.niemaautos.com\/es\/wp-json\/wp\/v2\/pages\/203\/revisions\/2035"}],"up":[{"embeddable":true,"href":"https:\/\/www.niemaautos.com\/es\/wp-json\/wp\/v2\/pages\/44"}],"wp:attachment":[{"href":"https:\/\/www.niemaautos.com\/es\/wp-json\/wp\/v2\/media?parent=203"}],"curies":[{"name":"wp","href":"https:\/\/api.w.org\/{rel}","templated":true}]}}